{"id":598,"date":"2024-02-08T15:15:52","date_gmt":"2024-02-08T14:15:52","guid":{"rendered":"https:\/\/webtest-be.de\/vdo\/?page_id=598"},"modified":"2024-03-26T13:53:31","modified_gmt":"2024-03-26T12:53:31","slug":"imprint","status":"publish","type":"page","link":"https:\/\/villadeosa-starnberg.de\/en\/imprint\/","title":{"rendered":"Imprint"},"content":{"rendered":"\t\t<div data-elementor-type=\"wp-page\" data-elementor-id=\"598\" class=\"elementor elementor-598 elementor-328\" data-elementor-post-type=\"page\">\n\t\t\t\t<div class=\"elementor-element elementor-element-70fcc5f e-flex e-con-boxed e-con e-parent\" data-id=\"70fcc5f\" data-element_type=\"container\" data-e-type=\"container\">\n\t\t\t\t\t<div class=\"e-con-inner\">\n\t\t<div class=\"elementor-element elementor-element-8a0c7ab e-con-full e-flex e-con e-child\" data-id=\"8a0c7ab\" data-element_type=\"container\" data-e-type=\"container\">\n\t\t\t\t<div class=\"elementor-element elementor-element-05d4806 elementor-widget elementor-widget-heading\" data-id=\"05d4806\" data-element_type=\"widget\" data-e-type=\"widget\" data-widget_type=\"heading.default\">\n\t\t\t\t<div class=\"elementor-widget-container\">\n\t\t\t\t\t<h1 class=\"elementor-heading-title elementor-size-default\">DEVELOPERS<\/h1>\t\t\t\t<\/div>\n\t\t\t\t<\/div>\n\t\t\t\t<\/div>\n\t\t<div class=\"elementor-element elementor-element-5162cc7 e-con-full e-flex e-con e-child\" data-id=\"5162cc7\" data-element_type=\"container\" data-e-type=\"container\" data-settings=\"{&quot;background_background&quot;:&quot;classic&quot;}\">\n\t\t\t\t<div class=\"elementor-element elementor-element-73da785 elementor-widget elementor-widget-text-editor\" data-id=\"73da785\" data-element_type=\"widget\" data-e-type=\"widget\" data-widget_type=\"text-editor.default\">\n\t\t\t\t<div class=\"elementor-widget-container\">\n\t\t\t\t\t\t\t\t\t<p><a href=\"https:\/\/villadeosa-starnberg.de\/home\/\" data-internallinksmanager029f6b8e52c=\"1\" title=\"Luxus Residenz Starnberger See\">Villa de Osa<\/a> GmbH<br \/>Ludwig-Ganghofer-Str. 1<br \/>82031 Gr\u00fcnwald<\/p>\t\t\t\t\t\t\t\t<\/div>\n\t\t\t\t<\/div>\n\t\t\t\t<\/div>\n\t\t\t\t\t<\/div>\n\t\t\t\t<\/div>\n\t\t<div class=\"elementor-element elementor-element-8150b88 e-flex e-con-boxed e-con e-parent\" data-id=\"8150b88\" data-element_type=\"container\" data-e-type=\"container\">\n\t\t\t\t\t<div class=\"e-con-inner\">\n\t\t<div class=\"elementor-element elementor-element-25d07fd e-con-full e-flex e-con e-child\" data-id=\"25d07fd\" data-element_type=\"container\" data-e-type=\"container\">\n\t\t\t\t<div class=\"elementor-element elementor-element-64b7ff1 elementor-widget elementor-widget-heading\" data-id=\"64b7ff1\" data-element_type=\"widget\" data-e-type=\"widget\" data-widget_type=\"heading.default\">\n\t\t\t\t<div class=\"elementor-widget-container\">\n\t\t\t\t\t<h1 class=\"elementor-heading-title elementor-size-default\">ARCHITECTS<\/h1>\t\t\t\t<\/div>\n\t\t\t\t<\/div>\n\t\t\t\t<\/div>\n\t\t<div class=\"elementor-element elementor-element-0ce9b67 e-con-full e-flex e-con e-child\" data-id=\"0ce9b67\" data-element_type=\"container\" data-e-type=\"container\" data-settings=\"{&quot;background_background&quot;:&quot;classic&quot;}\">\n\t\t\t\t<div class=\"elementor-element elementor-element-34d0a38 elementor-widget elementor-widget-text-editor\" data-id=\"34d0a38\" data-element_type=\"widget\" data-e-type=\"widget\" data-widget_type=\"text-editor.default\">\n\t\t\t\t<div class=\"elementor-widget-container\">\n\t\t\t\t\t\t\t\t\t<p>H\u00e4ndel Junghans Architekten GmbH<br \/>Widenmayerstr. 32<br \/>80538 M\u00fcnchen<\/p>\t\t\t\t\t\t\t\t<\/div>\n\t\t\t\t<\/div>\n\t\t\t\t<\/div>\n\t\t\t\t\t<\/div>\n\t\t\t\t<\/div>\n\t\t<div class=\"elementor-element elementor-element-707635e e-flex e-con-boxed e-con e-parent\" data-id=\"707635e\" data-element_type=\"container\" data-e-type=\"container\">\n\t\t\t\t\t<div class=\"e-con-inner\">\n\t\t<div class=\"elementor-element elementor-element-4887947 e-con-full e-flex e-con e-child\" data-id=\"4887947\" data-element_type=\"container\" data-e-type=\"container\">\n\t\t\t\t<div class=\"elementor-element elementor-element-e2e69a7 elementor-widget elementor-widget-heading\" data-id=\"e2e69a7\" data-element_type=\"widget\" data-e-type=\"widget\" data-widget_type=\"heading.default\">\n\t\t\t\t<div class=\"elementor-widget-container\">\n\t\t\t\t\t<h1 class=\"elementor-heading-title elementor-size-default\">DESIGN | CONZEPT | VISUALIZATION<\/h1>\t\t\t\t<\/div>\n\t\t\t\t<\/div>\n\t\t\t\t<\/div>\n\t\t<div class=\"elementor-element elementor-element-dcb9582 e-con-full e-flex e-con e-child\" data-id=\"dcb9582\" data-element_type=\"container\" data-e-type=\"container\" data-settings=\"{&quot;background_background&quot;:&quot;classic&quot;}\">\n\t\t\t\t<div class=\"elementor-element elementor-element-3425421 elementor-widget elementor-widget-text-editor\" data-id=\"3425421\" data-element_type=\"widget\" data-e-type=\"widget\" data-widget_type=\"text-editor.default\">\n\t\t\t\t<div class=\"elementor-widget-container\">\n\t\t\t\t\t\t\t\t\t<p>B\/\/EXTRAORDINARY<br \/>Maximiliansplatz 20<br \/>80333 M\u00fcnchen<br \/><a class=\"\" title=\"http:\/\/www.b-extraordinary.de\" href=\"http:\/\/www.b-extraordinary.de\">www.b-extraordinary.de<\/a><\/p>\t\t\t\t\t\t\t\t<\/div>\n\t\t\t\t<\/div>\n\t\t\t\t<\/div>\n\t\t\t\t\t<\/div>\n\t\t\t\t<\/div>\n\t\t<div class=\"elementor-element elementor-element-070b4fa e-flex e-con-boxed e-con e-parent\" data-id=\"070b4fa\" data-element_type=\"container\" data-e-type=\"container\">\n\t\t\t\t\t<div class=\"e-con-inner\">\n\t\t<div class=\"elementor-element elementor-element-11015ca e-con-full e-flex e-con e-child\" data-id=\"11015ca\" data-element_type=\"container\" data-e-type=\"container\">\n\t\t\t\t<div class=\"elementor-element elementor-element-df0a739 elementor-widget elementor-widget-heading\" data-id=\"df0a739\" data-element_type=\"widget\" data-e-type=\"widget\" data-widget_type=\"heading.default\">\n\t\t\t\t<div class=\"elementor-widget-container\">\n\t\t\t\t\t<h1 class=\"elementor-heading-title elementor-size-default\">SEO<\/h1>\t\t\t\t<\/div>\n\t\t\t\t<\/div>\n\t\t\t\t<\/div>\n\t\t<div class=\"elementor-element elementor-element-949d2c6 e-con-full e-flex e-con e-child\" data-id=\"949d2c6\" data-element_type=\"container\" data-e-type=\"container\" data-settings=\"{&quot;background_background&quot;:&quot;classic&quot;}\">\n\t\t\t\t<div class=\"elementor-element elementor-element-1f98384 elementor-widget elementor-widget-text-editor\" data-id=\"1f98384\" data-element_type=\"widget\" data-e-type=\"widget\" data-widget_type=\"text-editor.default\">\n\t\t\t\t<div class=\"elementor-widget-container\">\n\t\t\t\t\t\t\t\t\t<p>TopRank OM<br \/>Maygasse 19<br \/>8010 Graz<br \/><a class=\"\" title=\"http:\/\/www.b-extraordinary.de\" href=\"https:\/\/www.toprank.at\/\" target=\"_blank\" rel=\"noopener\">www.toprank.at<\/a><\/p><p>Foto Credits:<br \/>in-house, Wikipedia, gwt Starnberg GmbH &#8211; Thomas Marufke<\/p>\t\t\t\t\t\t\t\t<\/div>\n\t\t\t\t<\/div>\n\t\t\t\t<\/div>\n\t\t\t\t\t<\/div>\n\t\t\t\t<\/div>\n\t\t<div class=\"elementor-element elementor-element-e3ac2c0 e-flex e-con-boxed e-con e-parent\" data-id=\"e3ac2c0\" data-element_type=\"container\" data-e-type=\"container\">\n\t\t\t\t\t<div class=\"e-con-inner\">\n\t\t<div class=\"elementor-element elementor-element-0215ecb e-con-full e-flex e-con e-child\" data-id=\"0215ecb\" data-element_type=\"container\" data-e-type=\"container\">\n\t\t\t\t<div class=\"elementor-element elementor-element-1a86b61 elementor-widget elementor-widget-heading\" data-id=\"1a86b61\" data-element_type=\"widget\" data-e-type=\"widget\" data-widget_type=\"heading.default\">\n\t\t\t\t<div class=\"elementor-widget-container\">\n\t\t\t\t\t<h1 class=\"elementor-heading-title elementor-size-default\">RESERVATION OF LIABILITY<\/h1>\t\t\t\t<\/div>\n\t\t\t\t<\/div>\n\t\t\t\t<\/div>\n\t\t<div class=\"elementor-element elementor-element-7b3a34f e-con-full e-flex e-con e-child\" data-id=\"7b3a34f\" data-element_type=\"container\" data-e-type=\"container\" data-settings=\"{&quot;background_background&quot;:&quot;classic&quot;}\">\n\t\t\t\t<div class=\"elementor-element elementor-element-4fd534e elementor-widget elementor-widget-text-editor\" data-id=\"4fd534e\" data-element_type=\"widget\" data-e-type=\"widget\" data-widget_type=\"text-editor.default\">\n\t\t\t\t<div class=\"elementor-widget-container\">\n\t\t\t\t\t\t\t\t\t<p>The views, illustrations and material specifications shown in this expos\u00e9 are based on the architects&#8217; plans. Further planning may result in changes to the architecture, materials, fittings, dimensions and areas. This may affect the design of the facades and outdoor facilities in particular. All dimensions and areas are subject to change.<\/p><p>The three-dimensional visualizations are free artistic representations that do not necessarily reflect the current or future status of the property. The expos\u00e9 is therefore of an informative nature and cannot form the basis for the purchase. The notarized building description and the officially approved subdivision plans are decisive for the architecture, materials, furnishings, dimensions and areas. All copyrights, rights of use and publishing rights are reserved. Any use only with prior consent. The editorial content has been carefully compiled. Nevertheless, no liability is accepted for the accuracy of information, references or any printing errors.<\/p>\t\t\t\t\t\t\t\t<\/div>\n\t\t\t\t<\/div>\n\t\t\t\t<\/div>\n\t\t\t\t\t<\/div>\n\t\t\t\t<\/div>\n\t\t\t\t<\/div>\n\t\t","protected":false},"excerpt":{"rendered":"<p>DEVELOPERS Villa de Osa GmbHLudwig-Ganghofer-Str. 182031 Gr\u00fcnwald ARCHITECTS H\u00e4ndel Junghans Architekten GmbHWidenmayerstr. 3280538 M\u00fcnchen DESIGN | CONZEPT | VISUALIZATION B\/\/EXTRAORDINARYMaximiliansplatz 2080333 M\u00fcnchenwww.b-extraordinary.de SEO TopRank OMMaygasse 198010 Grazwww.toprank.at Foto Credits:in-house, Wikipedia, gwt Starnberg GmbH &#8211; Thomas Marufke RESERVATION OF LIABILITY The views, illustrations and material specifications shown in this expos\u00e9 are based on the architects&#8217; plans. [&hellip;]<\/p>\n","protected":false},"author":1,"featured_media":0,"parent":0,"menu_order":0,"comment_status":"closed","ping_status":"closed","template":"","meta":{"ocean_post_layout":"","ocean_both_sidebars_style":"","ocean_both_sidebars_content_width":0,"ocean_both_sidebars_sidebars_width":0,"ocean_sidebar":"0","ocean_second_sidebar":"0","ocean_disable_margins":"enable","ocean_add_body_class":"","ocean_shortcode_before_top_bar":"","ocean_shortcode_after_top_bar":"","ocean_shortcode_before_header":"","ocean_shortcode_after_header":"","ocean_has_shortcode":"","ocean_shortcode_after_title":"","ocean_shortcode_before_footer_widgets":"","ocean_shortcode_after_footer_widgets":"","ocean_shortcode_before_footer_bottom":"","ocean_shortcode_after_footer_bottom":"","ocean_display_top_bar":"default","ocean_display_header":"default","ocean_header_style":"","ocean_center_header_left_menu":"0","ocean_custom_header_template":"0","ocean_custom_logo":0,"ocean_custom_retina_logo":0,"ocean_custom_logo_max_width":0,"ocean_custom_logo_tablet_max_width":0,"ocean_custom_logo_mobile_max_width":0,"ocean_custom_logo_max_height":0,"ocean_custom_logo_tablet_max_height":0,"ocean_custom_logo_mobile_max_height":0,"ocean_header_custom_menu":"0","ocean_menu_typo_font_family":"0","ocean_menu_typo_font_subset":"","ocean_menu_typo_font_size":0,"ocean_menu_typo_font_size_tablet":0,"ocean_menu_typo_font_size_mobile":0,"ocean_menu_typo_font_size_unit":"px","ocean_menu_typo_font_weight":"","ocean_menu_typo_font_weight_tablet":"","ocean_menu_typo_font_weight_mobile":"","ocean_menu_typo_transform":"","ocean_menu_typo_transform_tablet":"","ocean_menu_typo_transform_mobile":"","ocean_menu_typo_line_height":0,"ocean_menu_typo_line_height_tablet":0,"ocean_menu_typo_line_height_mobile":0,"ocean_menu_typo_line_height_unit":"","ocean_menu_typo_spacing":0,"ocean_menu_typo_spacing_tablet":0,"ocean_menu_typo_spacing_mobile":0,"ocean_menu_typo_spacing_unit":"","ocean_menu_link_color":"","ocean_menu_link_color_hover":"","ocean_menu_link_color_active":"","ocean_menu_link_background":"","ocean_menu_link_hover_background":"","ocean_menu_link_active_background":"","ocean_menu_social_links_bg":"","ocean_menu_social_hover_links_bg":"","ocean_menu_social_links_color":"","ocean_menu_social_hover_links_color":"","ocean_disable_title":"default","ocean_disable_heading":"default","ocean_post_title":"","ocean_post_subheading":"","ocean_post_title_style":"","ocean_post_title_background_color":"","ocean_post_title_background":0,"ocean_post_title_bg_image_position":"","ocean_post_title_bg_image_attachment":"","ocean_post_title_bg_image_repeat":"","ocean_post_title_bg_image_size":"","ocean_post_title_height":0,"ocean_post_title_bg_overlay":0.5,"ocean_post_title_bg_overlay_color":"","ocean_disable_breadcrumbs":"default","ocean_breadcrumbs_color":"","ocean_breadcrumbs_separator_color":"","ocean_breadcrumbs_links_color":"","ocean_breadcrumbs_links_hover_color":"","ocean_display_footer_widgets":"default","ocean_display_footer_bottom":"default","ocean_custom_footer_template":"0","footnotes":""},"class_list":["post-598","page","type-page","status-publish","hentry","entry"],"yoast_head":"<!-- This site is optimized with the Yoast SEO plugin v27.3 - https:\/\/yoast.com\/product\/yoast-seo-wordpress\/ -->\n<title>Villa de Osa \/\/ Imprint<\/title>\n<meta name=\"description\" content=\"\u2771\u2771\u2771 Villa de Osa \u279c Leben Sie exklusiv in einer denkmalgesch\u00fctzten Altbauvilla am Starnberger See \u2713 \u279c JETZT anfragen\" \/>\n<meta name=\"robots\" content=\"noindex, follow\" \/>\n<meta property=\"og:locale\" content=\"en_US\" \/>\n<meta property=\"og:type\" content=\"article\" \/>\n<meta property=\"og:title\" content=\"Villa de Osa \/\/ Imprint\" \/>\n<meta property=\"og:description\" content=\"\u2771\u2771\u2771 Villa de Osa \u279c Leben Sie exklusiv in einer denkmalgesch\u00fctzten Altbauvilla am Starnberger See \u2713 \u279c JETZT anfragen\" \/>\n<meta property=\"og:url\" content=\"https:\/\/villadeosa-starnberg.de\/en\/imprint\/\" \/>\n<meta property=\"og:site_name\" content=\"Villa de Osa\" \/>\n<meta property=\"article:modified_time\" content=\"2024-03-26T12:53:31+00:00\" \/>\n<meta name=\"twitter:card\" content=\"summary_large_image\" \/>\n<meta name=\"twitter:label1\" content=\"Est. reading time\" \/>\n\t<meta name=\"twitter:data1\" content=\"1 minute\" \/>\n<script type=\"application\/ld+json\" class=\"yoast-schema-graph\">{\"@context\":\"https:\\\/\\\/schema.org\",\"@graph\":[{\"@type\":\"WebPage\",\"@id\":\"https:\\\/\\\/villadeosa-starnberg.de\\\/en\\\/imprint\\\/\",\"url\":\"https:\\\/\\\/villadeosa-starnberg.de\\\/en\\\/imprint\\\/\",\"name\":\"Villa de Osa \\\/\\\/ Imprint\",\"isPartOf\":{\"@id\":\"https:\\\/\\\/villadeosa-starnberg.de\\\/en\\\/#website\"},\"datePublished\":\"2024-02-08T14:15:52+00:00\",\"dateModified\":\"2024-03-26T12:53:31+00:00\",\"description\":\"\u2771\u2771\u2771 Villa de Osa \u279c Leben Sie exklusiv in einer denkmalgesch\u00fctzten Altbauvilla am Starnberger See \u2713 \u279c JETZT anfragen\",\"breadcrumb\":{\"@id\":\"https:\\\/\\\/villadeosa-starnberg.de\\\/en\\\/imprint\\\/#breadcrumb\"},\"inLanguage\":\"en-US\",\"potentialAction\":[{\"@type\":\"ReadAction\",\"target\":[\"https:\\\/\\\/villadeosa-starnberg.de\\\/en\\\/imprint\\\/\"]}]},{\"@type\":\"BreadcrumbList\",\"@id\":\"https:\\\/\\\/villadeosa-starnberg.de\\\/en\\\/imprint\\\/#breadcrumb\",\"itemListElement\":[{\"@type\":\"ListItem\",\"position\":1,\"name\":\"Home\",\"item\":\"https:\\\/\\\/villadeosa-starnberg.de\\\/en\\\/\"},{\"@type\":\"ListItem\",\"position\":2,\"name\":\"Imprint\"}]},{\"@type\":\"WebSite\",\"@id\":\"https:\\\/\\\/villadeosa-starnberg.de\\\/en\\\/#website\",\"url\":\"https:\\\/\\\/villadeosa-starnberg.de\\\/en\\\/\",\"name\":\"Villa de Osa\",\"description\":\"\",\"publisher\":{\"@id\":\"https:\\\/\\\/villadeosa-starnberg.de\\\/en\\\/#organization\"},\"potentialAction\":[{\"@type\":\"SearchAction\",\"target\":{\"@type\":\"EntryPoint\",\"urlTemplate\":\"https:\\\/\\\/villadeosa-starnberg.de\\\/en\\\/?s={search_term_string}\"},\"query-input\":{\"@type\":\"PropertyValueSpecification\",\"valueRequired\":true,\"valueName\":\"search_term_string\"}}],\"inLanguage\":\"en-US\"},{\"@type\":\"Organization\",\"@id\":\"https:\\\/\\\/villadeosa-starnberg.de\\\/en\\\/#organization\",\"name\":\"Villa de Osa\",\"url\":\"https:\\\/\\\/villadeosa-starnberg.de\\\/en\\\/\",\"logo\":{\"@type\":\"ImageObject\",\"inLanguage\":\"en-US\",\"@id\":\"https:\\\/\\\/villadeosa-starnberg.de\\\/en\\\/#\\\/schema\\\/logo\\\/image\\\/\",\"url\":\"https:\\\/\\\/villadeosa-starnberg.de\\\/wp-content\\\/uploads\\\/2024\\\/02\\\/logo_v6.svg\",\"contentUrl\":\"https:\\\/\\\/villadeosa-starnberg.de\\\/wp-content\\\/uploads\\\/2024\\\/02\\\/logo_v6.svg\",\"width\":209,\"height\":335,\"caption\":\"Villa de Osa\"},\"image\":{\"@id\":\"https:\\\/\\\/villadeosa-starnberg.de\\\/en\\\/#\\\/schema\\\/logo\\\/image\\\/\"}}]}<\/script>\n<!-- \/ Yoast SEO plugin. -->","yoast_head_json":{"title":"Villa de Osa \/\/ Imprint","description":"\u2771\u2771\u2771 Villa de Osa \u279c Leben Sie exklusiv in einer denkmalgesch\u00fctzten Altbauvilla am Starnberger See \u2713 \u279c JETZT anfragen","robots":{"index":"noindex","follow":"follow"},"og_locale":"en_US","og_type":"article","og_title":"Villa de Osa \/\/ Imprint","og_description":"\u2771\u2771\u2771 Villa de Osa \u279c Leben Sie exklusiv in einer denkmalgesch\u00fctzten Altbauvilla am Starnberger See \u2713 \u279c JETZT anfragen","og_url":"https:\/\/villadeosa-starnberg.de\/en\/imprint\/","og_site_name":"Villa de Osa","article_modified_time":"2024-03-26T12:53:31+00:00","twitter_card":"summary_large_image","twitter_misc":{"Est. reading time":"1 minute"},"schema":{"@context":"https:\/\/schema.org","@graph":[{"@type":"WebPage","@id":"https:\/\/villadeosa-starnberg.de\/en\/imprint\/","url":"https:\/\/villadeosa-starnberg.de\/en\/imprint\/","name":"Villa de Osa \/\/ Imprint","isPartOf":{"@id":"https:\/\/villadeosa-starnberg.de\/en\/#website"},"datePublished":"2024-02-08T14:15:52+00:00","dateModified":"2024-03-26T12:53:31+00:00","description":"\u2771\u2771\u2771 Villa de Osa \u279c Leben Sie exklusiv in einer denkmalgesch\u00fctzten Altbauvilla am Starnberger See \u2713 \u279c JETZT anfragen","breadcrumb":{"@id":"https:\/\/villadeosa-starnberg.de\/en\/imprint\/#breadcrumb"},"inLanguage":"en-US","potentialAction":[{"@type":"ReadAction","target":["https:\/\/villadeosa-starnberg.de\/en\/imprint\/"]}]},{"@type":"BreadcrumbList","@id":"https:\/\/villadeosa-starnberg.de\/en\/imprint\/#breadcrumb","itemListElement":[{"@type":"ListItem","position":1,"name":"Home","item":"https:\/\/villadeosa-starnberg.de\/en\/"},{"@type":"ListItem","position":2,"name":"Imprint"}]},{"@type":"WebSite","@id":"https:\/\/villadeosa-starnberg.de\/en\/#website","url":"https:\/\/villadeosa-starnberg.de\/en\/","name":"Villa de Osa","description":"","publisher":{"@id":"https:\/\/villadeosa-starnberg.de\/en\/#organization"},"potentialAction":[{"@type":"SearchAction","target":{"@type":"EntryPoint","urlTemplate":"https:\/\/villadeosa-starnberg.de\/en\/?s={search_term_string}"},"query-input":{"@type":"PropertyValueSpecification","valueRequired":true,"valueName":"search_term_string"}}],"inLanguage":"en-US"},{"@type":"Organization","@id":"https:\/\/villadeosa-starnberg.de\/en\/#organization","name":"Villa de Osa","url":"https:\/\/villadeosa-starnberg.de\/en\/","logo":{"@type":"ImageObject","inLanguage":"en-US","@id":"https:\/\/villadeosa-starnberg.de\/en\/#\/schema\/logo\/image\/","url":"https:\/\/villadeosa-starnberg.de\/wp-content\/uploads\/2024\/02\/logo_v6.svg","contentUrl":"https:\/\/villadeosa-starnberg.de\/wp-content\/uploads\/2024\/02\/logo_v6.svg","width":209,"height":335,"caption":"Villa de Osa"},"image":{"@id":"https:\/\/villadeosa-starnberg.de\/en\/#\/schema\/logo\/image\/"}}]}},"_links":{"self":[{"href":"https:\/\/villadeosa-starnberg.de\/en\/wp-json\/wp\/v2\/pages\/598","targetHints":{"allow":["GET"]}}],"collection":[{"href":"https:\/\/villadeosa-starnberg.de\/en\/wp-json\/wp\/v2\/pages"}],"about":[{"href":"https:\/\/villadeosa-starnberg.de\/en\/wp-json\/wp\/v2\/types\/page"}],"author":[{"embeddable":true,"href":"https:\/\/villadeosa-starnberg.de\/en\/wp-json\/wp\/v2\/users\/1"}],"replies":[{"embeddable":true,"href":"https:\/\/villadeosa-starnberg.de\/en\/wp-json\/wp\/v2\/comments?post=598"}],"version-history":[{"count":12,"href":"https:\/\/villadeosa-starnberg.de\/en\/wp-json\/wp\/v2\/pages\/598\/revisions"}],"predecessor-version":[{"id":1423,"href":"https:\/\/villadeosa-starnberg.de\/en\/wp-json\/wp\/v2\/pages\/598\/revisions\/1423"}],"wp:attachment":[{"href":"https:\/\/villadeosa-starnberg.de\/en\/wp-json\/wp\/v2\/media?parent=598"}],"curies":[{"name":"wp","href":"https:\/\/api.w.org\/{rel}","templated":true}]}}